{"id":2940,"date":"2025-05-19T16:49:32","date_gmt":"2025-05-19T16:49:32","guid":{"rendered":"https:\/\/hypexlegal.com\/?page_id=2940"},"modified":"2025-09-29T16:46:14","modified_gmt":"2025-09-29T16:46:14","slug":"golden-visa","status":"publish","type":"page","link":"https:\/\/hypexlegal.com\/hu\/golden-visa\/","title":{"rendered":"Aranyv\u00edzumr\u00f3l"},"content":{"rendered":"<div data-elementor-type=\"wp-page\" data-elementor-id=\"2940\" class=\"elementor elementor-2940\" data-elementor-post-type=\"page\">\n\t\t\t\t<div class=\"elementor-element elementor-element-888566c e-flex e-con-boxed e-con e-parent\" data-id=\"888566c\" data-element_type=\"container\" data-e-type=\"container\" data-settings=\"{&quot;background_background&quot;:&quot;video&quot;,&quot;background_video_link&quot;:&quot;https:\\\/\\\/hypexlegal.com\\\/wp-content\\\/uploads\\\/2025\\\/05\\\/Hero-Video.webm&quot;,&quot;background_play_on_mobile&quot;:&quot;yes&quot;,&quot;background_motion_fx_devices&quot;:[&quot;desktop&quot;,&quot;tablet&quot;,&quot;mobile&quot;]}\">\n\t\t\t\t\t<div class=\"e-con-inner\">\n\t\t<div class=\"elementor-background-video-container\">\n\t\t\t\t\t\t\t<video class=\"elementor-background-video-hosted\" role=\"presentation\" autoplay muted playsinline loop><\/video>\n\t\t\t\t\t<\/div>\t\t<div class=\"elementor-element elementor-element-5ca1af6 elementor-widget elementor-widget-heading\" data-id=\"5ca1af6\" data-element_type=\"widget\" data-e-type=\"widget\" data-widget_type=\"heading.default\">\n\t\t\t\t<div class=\"elementor-widget-container\">\n\t\t\t\t\t<h2 class=\"elementor-heading-title elementor-size-default\">Aranyv\u00edzum: Hogyan m\u0171k\u00f6dik?<\/h2>\t\t\t\t<\/div>\n\t\t\t\t<\/div>\n\t\t\t\t<div class=\"elementor-element elementor-element-7ddba77 elementor-widget elementor-widget-text-editor\" data-id=\"7ddba77\" data-element_type=\"widget\" data-e-type=\"widget\" data-widget_type=\"text-editor.default\">\n\t\t\t\t<div class=\"elementor-widget-container\">\n\t\t\t\t\t\t\t\t\t<p>2024-ben a magyar korm\u00e1ny \u00faj aranyv\u00edzum lehet\u0151s\u00e9get vezetett be a befektet\u0151k sz\u00e1m\u00e1ra (magyarul \u201evend\u00e9gbefektet\u0151i tart\u00f3zkod\u00e1si enged\u00e9ly\u201d n\u00e9ven ismert), amely jelenleg az Eur\u00f3pai Uni\u00f3 leg\u00fajabb \u00e9s legvonz\u00f3bb befektet\u00e9si c\u00e9l\u00fa tart\u00f3zkod\u00e1si programja.<\/p>\t\t\t\t\t\t\t\t<\/div>\n\t\t\t\t<\/div>\n\t\t\t\t<div class=\"elementor-element elementor-element-dca09d1 elementor-widget elementor-widget-text-editor\" data-id=\"dca09d1\" data-element_type=\"widget\" data-e-type=\"widget\" data-widget_type=\"text-editor.default\">\n\t\t\t\t<div class=\"elementor-widget-container\">\n\t\t\t\t\t<style>.elementor-element-dca09d1{display:none !important}<\/style>\t\t\t\t<\/div>\n\t\t\t\t<\/div>\n\t\t\t\t<div class=\"elementor-element elementor-element-7b76396 elementor-widget elementor-widget-text-editor\" data-id=\"7b76396\" data-element_type=\"widget\" data-e-type=\"widget\" data-widget_type=\"text-editor.default\">\n\t\t\t\t<div class=\"elementor-widget-container\">\n\t\t\t\t\t\t\t\t\t<h2><a style=\"color: #7a7a7a;\" href=\"#contact-section\"><span class=\"gradient-text\" style=\"font-weight: bold;\">Kapcsolat<\/span><\/a><\/h2>\t\t\t\t\t\t\t\t<\/div>\n\t\t\t\t<\/div>\n\t\t\t\t\t<\/div>\n\t\t\t\t<\/div>\n\t\t<div class=\"elementor-element elementor-element-795fef4 e-flex e-con-boxed e-con e-parent\" data-id=\"795fef4\" data-element_type=\"container\" data-e-type=\"container\">\n\t\t\t\t\t<div class=\"e-con-inner\">\n\t\t<div class=\"elementor-element elementor-element-422927e e-con-full e-flex e-con e-child\" data-id=\"422927e\" data-element_type=\"container\" data-e-type=\"container\">\n\t\t\t\t<div class=\"elementor-element elementor-element-69a66ec elementor-widget elementor-widget-spacer\" data-id=\"69a66ec\" data-element_type=\"widget\" data-e-type=\"widget\" data-widget_type=\"spacer.default\">\n\t\t\t\t<div class=\"elementor-widget-container\">\n\t\t\t\t\t\t\t<div class=\"elementor-spacer\">\n\t\t\t<div class=\"elementor-spacer-inner\"><\/div>\n\t\t<\/div>\n\t\t\t\t\t\t<\/div>\n\t\t\t\t<\/div>\n\t\t\t\t<div class=\"elementor-element elementor-element-14ea694 elementor-widget elementor-widget-heading\" data-id=\"14ea694\" data-element_type=\"widget\" data-e-type=\"widget\" data-widget_type=\"heading.default\">\n\t\t\t\t<div class=\"elementor-widget-container\">\n\t\t\t\t\t<h2 class=\"elementor-heading-title elementor-size-default\"><span class=\"gradient-text\">El\u0151ny\u00f6k<\/span><\/h2>\t\t\t\t<\/div>\n\t\t\t\t<\/div>\n\t\t\t\t<\/div>\n\t\t<div class=\"elementor-element elementor-element-0b38f2b e-grid e-con-boxed e-con e-child\" data-id=\"0b38f2b\" data-element_type=\"container\" data-e-type=\"container\">\n\t\t\t\t\t<div class=\"e-con-inner\">\n\t\t<div class=\"elementor-element elementor-element-0f619d7 e-con-full e-flex elementor-invisible e-con e-child\" data-id=\"0f619d7\" data-element_type=\"container\" data-e-type=\"container\" data-settings=\"{&quot;background_background&quot;:&quot;classic&quot;,&quot;animation&quot;:&quot;fadeInUp&quot;}\">\n\t\t\t\t<div class=\"elementor-element elementor-element-7ac5bb9 elementor-view-default elementor-position-block-start elementor-mobile-position-block-start elementor-widget elementor-widget-icon-box\" data-id=\"7ac5bb9\" data-element_type=\"widget\" data-e-type=\"widget\" data-widget_type=\"icon-box.default\">\n\t\t\t\t<div class=\"elementor-widget-container\">\n\t\t\t\t\t\t\t<div class=\"elementor-icon-box-wrapper\">\n\n\t\t\t\t\t\t<div class=\"elementor-icon-box-icon\">\n\t\t\t\t<span  class=\"elementor-icon\">\n\t\t\t\t<svg aria-hidden=\"true\" class=\"e-font-icon-svg e-fas-balance-scale\" viewbox=\"0 0 640 512\" xmlns=\"http:\/\/www.w3.org\/2000\/svg\"><path d=\"M256 336h-.02c0-16.18 1.34-8.73-85.05-181.51-17.65-35.29-68.19-35.36-85.87 0C-2.06 328.75.02 320.33.02 336H0c0 44.18 57.31 80 128 80s128-35.82 128-80zM128 176l72 144H56l72-144zm511.98 160c0-16.18 1.34-8.73-85.05-181.51-17.65-35.29-68.19-35.36-85.87 0-87.12 174.26-85.04 165.84-85.04 181.51H384c0 44.18 57.31 80 128 80s128-35.82 128-80h-.02zM440 320l72-144 72 144H440zm88 128H352V153.25c23.51-10.29 41.16-31.48 46.39-57.25H528c8.84 0 16-7.16 16-16V48c0-8.84-7.16-16-16-16H383.64C369.04 12.68 346.09 0 320 0s-49.04 12.68-63.64 32H112c-8.84 0-16 7.16-16 16v32c0 8.84 7.16 16 16 16h129.61c5.23 25.76 22.87 46.96 46.39 57.25V448H112c-8.84 0-16 7.16-16 16v32c0 8.84 7.16 16 16 16h416c8.84 0 16-7.16 16-16v-32c0-8.84-7.16-16-16-16z\"><\/path><\/svg>\t\t\t\t<\/span>\n\t\t\t<\/div>\n\t\t\t\n\t\t\t\t\t\t<div class=\"elementor-icon-box-content\">\n\n\t\t\t\t\t\t\t\t\t<h3 class=\"elementor-icon-box-title\">\n\t\t\t\t\t\t<span  >\n\t\t\t\t\t\t\tEUR 250,000 \t\t\t\t\t\t<\/span>\n\t\t\t\t\t<\/h3>\n\t\t\t\t\n\t\t\t\t\t\t\t\t\t<p class=\"elementor-icon-box-description\">\n\t\t\t\t\t\tA Magyar Nemzeti Bank \u00e1ltal bejegyzett ingatlanalapba.\t\t\t\t\t<\/p>\n\t\t\t\t\n\t\t\t<\/div>\n\t\t\t\n\t\t<\/div>\n\t\t\t\t\t\t<\/div>\n\t\t\t\t<\/div>\n\t\t\t\t<\/div>\n\t\t<div class=\"elementor-element elementor-element-c53cbdc e-con-full e-flex elementor-invisible e-con e-child\" data-id=\"c53cbdc\" data-element_type=\"container\" data-e-type=\"container\" data-settings=\"{&quot;background_background&quot;:&quot;classic&quot;,&quot;animation&quot;:&quot;fadeInUp&quot;}\">\n\t\t\t\t<div class=\"elementor-element elementor-element-0b54129 elementor-view-default elementor-position-block-start elementor-mobile-position-block-start elementor-widget elementor-widget-icon-box\" data-id=\"0b54129\" data-element_type=\"widget\" data-e-type=\"widget\" data-widget_type=\"icon-box.default\">\n\t\t\t\t<div class=\"elementor-widget-container\">\n\t\t\t\t\t\t\t<div class=\"elementor-icon-box-wrapper\">\n\n\t\t\t\t\t\t<div class=\"elementor-icon-box-icon\">\n\t\t\t\t<span  class=\"elementor-icon\">\n\t\t\t\t<svg aria-hidden=\"true\" class=\"e-font-icon-svg e-fas-balance-scale\" viewbox=\"0 0 640 512\" xmlns=\"http:\/\/www.w3.org\/2000\/svg\"><path d=\"M256 336h-.02c0-16.18 1.34-8.73-85.05-181.51-17.65-35.29-68.19-35.36-85.87 0C-2.06 328.75.02 320.33.02 336H0c0 44.18 57.31 80 128 80s128-35.82 128-80zM128 176l72 144H56l72-144zm511.98 160c0-16.18 1.34-8.73-85.05-181.51-17.65-35.29-68.19-35.36-85.87 0-87.12 174.26-85.04 165.84-85.04 181.51H384c0 44.18 57.31 80 128 80s128-35.82 128-80h-.02zM440 320l72-144 72 144H440zm88 128H352V153.25c23.51-10.29 41.16-31.48 46.39-57.25H528c8.84 0 16-7.16 16-16V48c0-8.84-7.16-16-16-16H383.64C369.04 12.68 346.09 0 320 0s-49.04 12.68-63.64 32H112c-8.84 0-16 7.16-16 16v32c0 8.84 7.16 16 16 16h129.61c5.23 25.76 22.87 46.96 46.39 57.25V448H112c-8.84 0-16 7.16-16 16v32c0 8.84 7.16 16 16 16h416c8.84 0 16-7.16 16-16v-32c0-8.84-7.16-16-16-16z\"><\/path><\/svg>\t\t\t\t<\/span>\n\t\t\t<\/div>\n\t\t\t\n\t\t\t\t\t\t<div class=\"elementor-icon-box-content\">\n\n\t\t\t\t\t\t\t\t\t<h3 class=\"elementor-icon-box-title\">\n\t\t\t\t\t\t<span  >\n\t\t\t\t\t\t\tEUR 500,000 \t\t\t\t\t\t<\/span>\n\t\t\t\t\t<\/h3>\n\t\t\t\t\n\t\t\t\t\t\t\t\t\t<p class=\"elementor-icon-box-description\">\n\t\t\t\t\t\tLak\u00f3ingatlanok v\u00e1s\u00e1rl\u00e1sa Magyarorsz\u00e1gon (jelenleg felf\u00fcggesztve).\t\t\t\t\t<\/p>\n\t\t\t\t\n\t\t\t<\/div>\n\t\t\t\n\t\t<\/div>\n\t\t\t\t\t\t<\/div>\n\t\t\t\t<\/div>\n\t\t\t\t<\/div>\n\t\t\t\t\t<\/div>\n\t\t\t\t<\/div>\n\t\t\t\t<div class=\"elementor-element elementor-element-7812898 elementor-widget elementor-widget-spacer\" data-id=\"7812898\" data-element_type=\"widget\" data-e-type=\"widget\" data-widget_type=\"spacer.default\">\n\t\t\t\t<div class=\"elementor-widget-container\">\n\t\t\t\t\t\t\t<div class=\"elementor-spacer\">\n\t\t\t<div class=\"elementor-spacer-inner\"><\/div>\n\t\t<\/div>\n\t\t\t\t\t\t<\/div>\n\t\t\t\t<\/div>\n\t\t\t\t\t<\/div>\n\t\t\t\t<\/div>\n\t\t<div class=\"elementor-element elementor-element-bf2d577 e-flex e-con-boxed e-con e-parent\" data-id=\"bf2d577\" data-element_type=\"container\" data-e-type=\"container\">\n\t\t\t\t\t<div class=\"e-con-inner\">\n\t\t<div class=\"elementor-element elementor-element-a11ebb7 e-con-full e-flex e-con e-child\" data-id=\"a11ebb7\" data-element_type=\"container\" data-e-type=\"container\">\n\t\t\t\t<div class=\"elementor-element elementor-element-0426e63 elementor-widget elementor-widget-spacer\" data-id=\"0426e63\" data-element_type=\"widget\" data-e-type=\"widget\" data-widget_type=\"spacer.default\">\n\t\t\t\t<div class=\"elementor-widget-container\">\n\t\t\t\t\t\t\t<div class=\"elementor-spacer\">\n\t\t\t<div class=\"elementor-spacer-inner\"><\/div>\n\t\t<\/div>\n\t\t\t\t\t\t<\/div>\n\t\t\t\t<\/div>\n\t\t\t\t<div class=\"elementor-element elementor-element-a621e60 elementor-widget elementor-widget-heading\" data-id=\"a621e60\" data-element_type=\"widget\" data-e-type=\"widget\" data-widget_type=\"heading.default\">\n\t\t\t\t<div class=\"elementor-widget-container\">\n\t\t\t\t\t<h2 class=\"elementor-heading-title elementor-size-default\">Application Procedure and Further Details<\/h2>\t\t\t\t<\/div>\n\t\t\t\t<\/div>\n\t\t\t\t<div class=\"elementor-element elementor-element-86dda2e elementor-widget elementor-widget-heading\" data-id=\"86dda2e\" data-element_type=\"widget\" data-e-type=\"widget\" data-widget_type=\"heading.default\">\n\t\t\t\t<div class=\"elementor-widget-container\">\n\t\t\t\t\t<h3 class=\"elementor-heading-title elementor-size-default\">Hogyan m\u0171k\u00f6dik?<\/h3>\t\t\t\t<\/div>\n\t\t\t\t<\/div>\n\t\t\t\t<div class=\"elementor-element elementor-element-98eda86 elementor-widget elementor-widget-text-editor\" data-id=\"98eda86\" data-element_type=\"widget\" data-e-type=\"widget\" data-widget_type=\"text-editor.default\">\n\t\t\t\t<div class=\"elementor-widget-container\">\n\t\t\t\t\t\t\t\t\t<ol>\n<li>A befektet\u00e9si szerz\u0151d\u00e9s al\u00e1\u00edr\u00e1sa<\/li>\n<li>El\u0151k\u00e9sz\u00edtj\u00fck a kezdeti k\u00e9relmet \u00e9s gyorsan ellen\u0151rizz\u00fck a dokumentumokat.<\/li>\n<li>\u00cdrja al\u00e1 a szerz\u0151d\u00e9st \u00e9s fizesse ki a kezdeti d\u00edjakat.<\/li>\n<li>Jelentkezzen az \u00d6n orsz\u00e1g\u00e1ban l\u00e9v\u0151 magyar nagyk\u00f6vets\u00e9gen tart\u00f3zkod\u00e1si enged\u00e9ly\u00e9rt a befektet\u00e9si alap befektet\u00e9si jegy\u00e9nek igazol\u00e1s\u00e1val \u00e9s egy\u00e9b dokumentumokkal, bele\u00e9rtve a budapesti b\u00e9rleti szerz\u0151d\u00e9st is). 3 h\u00f3napon bel\u00fcl j\u00f3v\u00e1hagyj\u00e1k az akt\u00e1j\u00e1t, \u00d6n D v\u00edzumot kap, amellyel 2 \u00e9ven bel\u00fcl Magyarorsz\u00e1gra l\u00e1togathat, hogy a formalit\u00e1sokat elv\u00e9gezze.<\/li>\n<li>A v\u00edzum j\u00f3v\u00e1hagy\u00e1sa ut\u00e1n 60 nap \u00e1ll rendelkez\u00e9s\u00e9re a teljes beruh\u00e1z\u00e1s befejez\u00e9s\u00e9re.<\/li>\n<li>You must come to Budapest (Hungary) in person for fingerprinting and reporting with Immigration office, ot collect residence permit card<\/li>\n<li>After 3 months, you will receive a residence card valid for 10 years and then renewed thereafter for another 10 years.<\/li>\n<li>A csal\u00e1d \u00e9s a gyermekek a magyar konzul\u00e1tuson k\u00e9rv\u00e9nyezhetik a magyar tart\u00f3zkod\u00e1si enged\u00e9lyt, a \u201ecsal\u00e1degyes\u00edt\u00e9s\u201d alatt, az RP k\u00e1rtya m\u00e1solat\u00e1val.<\/li>\n<li>A magyar \u00e1llampolg\u00e1rs\u00e1g megszerz\u00e9s\u00e9re 8 \u00e9v ut\u00e1n lehet honos\u00edtani (magyar nyelv sz\u00fcks\u00e9ges).<\/li>\n<\/ol>\t\t\t\t\t\t\t\t<\/div>\n\t\t\t\t<\/div>\n\t\t\t\t<\/div>\n\t\t\t\t<div class=\"elementor-element elementor-element-99c88b5 elementor-widget elementor-widget-spacer\" data-id=\"99c88b5\" data-element_type=\"widget\" data-e-type=\"widget\" data-widget_type=\"spacer.default\">\n\t\t\t\t<div class=\"elementor-widget-container\">\n\t\t\t\t\t\t\t<div class=\"elementor-spacer\">\n\t\t\t<div class=\"elementor-spacer-inner\"><\/div>\n\t\t<\/div>\n\t\t\t\t\t\t<\/div>\n\t\t\t\t<\/div>\n\t\t\t\t\t<\/div>\n\t\t\t\t<\/div>\n\t\t\t\t<\/div>","protected":false},"excerpt":{"rendered":"<p>Golden Visa: How Does it Work? In 2024, the Hungarian government has introduced a new golden visa option for investors (known in Hungarian as \u201cguest investor residence permit\u201d), making this the latest and most attractive investment residency program in the EU. Contact Us Kapcsolat Benefits EUR 250,000 Into a real estate fund registered by the [&hellip;]<\/p>","protected":false},"author":2,"featured_media":0,"parent":0,"menu_order":0,"comment_status":"closed","ping_status":"closed","template":"elementor_header_footer","meta":{"footnotes":""},"class_list":["post-2940","page","type-page","status-publish","hentry"],"aioseo_notices":[],"_links":{"self":[{"href":"https:\/\/hypexlegal.com\/hu\/wp-json\/wp\/v2\/pages\/2940","targetHints":{"allow":["GET"]}}],"collection":[{"href":"https:\/\/hypexlegal.com\/hu\/wp-json\/wp\/v2\/pages"}],"about":[{"href":"https:\/\/hypexlegal.com\/hu\/wp-json\/wp\/v2\/types\/page"}],"author":[{"embeddable":true,"href":"https:\/\/hypexlegal.com\/hu\/wp-json\/wp\/v2\/users\/2"}],"replies":[{"embeddable":true,"href":"https:\/\/hypexlegal.com\/hu\/wp-json\/wp\/v2\/comments?post=2940"}],"version-history":[{"count":32,"href":"https:\/\/hypexlegal.com\/hu\/wp-json\/wp\/v2\/pages\/2940\/revisions"}],"predecessor-version":[{"id":3014,"href":"https:\/\/hypexlegal.com\/hu\/wp-json\/wp\/v2\/pages\/2940\/revisions\/3014"}],"wp:attachment":[{"href":"https:\/\/hypexlegal.com\/hu\/wp-json\/wp\/v2\/media?parent=2940"}],"curies":[{"name":"wp","href":"https:\/\/api.w.org\/{rel}","templated":true}]}}